{"id":87,"date":"2013-08-11T19:06:15","date_gmt":"2013-08-11T19:06:15","guid":{"rendered":"http:\/\/localhost:8888\/test\/?page_id=520"},"modified":"2020-08-14T15:34:47","modified_gmt":"2020-08-14T14:34:47","slug":"about","status":"publish","type":"page","link":"https:\/\/gjataaccounting.co.uk\/sq\/about\/","title":{"rendered":"Per ne"},"content":{"rendered":"<div class=\"banner has-hover has-parallax\" id=\"banner-1700534299\">\n          <div class=\"banner-inner fill\">\n        <div class=\"banner-bg fill\" data-parallax=\"-5\" data-parallax-container=\".banner\" data-parallax-background>\n            <div class=\"bg fill bg-fill\"><\/div>\n                        <div class=\"overlay\"><\/div>            \n\t<div class=\"is-border\"\n\t\tstyle=\"border-width:0px 0px 0px 0px;margin:0 0px 0px 0px;\">\n\t<\/div>\n                    <\/div><!-- bg-layers -->\n        <div class=\"banner-layers container\">\n            <div class=\"fill banner-link\"><\/div>            \n   <div id=\"text-box-1038238182\" class=\"text-box banner-layer x50 md-x50 lg-x50 y80 md-y80 lg-y80 res-text\">\n                                <div class=\"text dark\">\n              \n              <div class=\"text-inner text-center\">\n                  \n<h1 class=\"lead\">About Us<\/h1>\n<p class=\"lead\">P\u00ebr t\u00eb frym\u00ebzuar madh\u00ebshtin\u00eb tuaj n\u00eb vendin e pun\u00ebs. P\u00ebr ne, kjo do t\u00eb thot\u00eb se ne ndihmojm\u00eb t\u00eb ngjallim g\u00ebzim n\u00eb pun\u00eb, t\u00eb nd\u00ebrtojm\u00eb lidhje, t\u00eb ushqej\u00eb inovacionin, t\u00eb zbulojm\u00eb pasionin dhe t\u00eb b\u00ebjm\u00eb nj\u00eb ndikim n\u00eb bot\u00ebn ton\u00eb.<\/p>\n              <\/div>\n           <\/div><!-- text-box-inner -->\n                            \n<style scope=\"scope\">\n\n#text-box-1038238182 {\n  width: 60%;\n}\n#text-box-1038238182 .text {\n  font-size: 100%;\n}\n<\/style>\n    <\/div><!-- text-box -->\n \n        <\/div><!-- .banner-layers -->\n      <\/div><!-- .banner-inner -->\n\n            \n<style scope=\"scope\">\n\n#banner-1700534299 {\n  padding-top: 317px;\n}\n#banner-1700534299 .bg.bg-loaded {\n  background-image: 8333;\n}\n#banner-1700534299 .overlay {\n  background-color: rgba(0, 0, 0, 0.49);\n}\n#banner-1700534299 .bg {\n  background-position: 0% 0%;\n}\n<\/style>\n  <\/div><!-- .banner -->\n\n\n<div class=\"row\"  id=\"row-2089779254\">\n<div class=\"col small-12 large-12\"  ><div class=\"col-inner\"  >\n<h3 style=\"text-align: center;\"><strong><span style=\"color: #000000;\">\u201cManage your business soo we manage your accounts\u201d<\/span><\/strong><\/h3>\n<p>\u00a0<\/p>\n<p><span style=\"color: #000000;\">Gjata Accoutnting LTD works with companies to architect and deliver high-quality-yet-affordable c<em><u>ounsulting<\/u><\/em> solutions that help them run their businesses better. Gjata Accounting Ltd provides solutions throughout the UK with a significant presence in London.<\/span><\/p>\n<p><span style=\"color: #000000;\">Gjata Acounting LTD specialises in providing UK employment, expatriate, and personal tax services to help both corporates and individuals in being compliant\/manage their tax risks.<\/span><\/p>\n<p><span style=\"color: #000000;\">Every business owner needs a team of professionals in the background who provide continuous support and advice. That\u2019s what we are here to do.<\/span><\/p>\n<p><span style=\"color: #000000;\">Through years of commitment to our business clients, we have developed a wide range of skills and services designet to:<\/span><\/p>\n<ol>\n<li><span style=\"color: #000000;\">Improve business performance and profitability.<\/span><\/li>\n<li><span style=\"color: #000000;\">Save you time and leave you free to do best (running your business);<\/span><\/li>\n<li><span style=\"color: #000000;\">Help and support you when things go wrong;<\/span><\/li>\n<li><span style=\"color: #000000;\">Give you the peace of mind that someone is keeping an eye on the essentials<\/span><\/li>\n<\/ol>\n<p><strong><span style=\"color: #000000;\">We can:<\/span><\/strong><\/p>\n<ul>\n<li><span style=\"color: #000000;\">Take care of your routine financial and accounting operation;<\/span><\/li>\n<li><span style=\"color: #000000;\">Analyse your performance and plan ahead to improve things in the future;<\/span><\/li>\n<li><span style=\"color: #000000;\">Monitor your business and give proactive advice on how you can improve your bottom line;<\/span><\/li>\n<li><span style=\"color: #000000;\">Work with you to implement any suggestions you take up<\/span><\/li>\n<li><span style=\"color: #000000;\">Assist with your cash flow, tax and financial planning to support the growth of your business at home and abroad<\/span><\/li>\n<\/ul>\n<div class=\"text-center\"><div class=\"is-divider divider clearfix\" ><\/div><\/div><!-- .divider -->\n<\/div><\/div>\n<\/div>","protected":false},"excerpt":{"rendered":"","protected":false},"author":1,"featured_media":0,"parent":0,"menu_order":0,"comment_status":"closed","ping_status":"closed","template":"page-blank.php","meta":[],"yoast_head":"<!-- This site is optimized with the Yoast SEO plugin v15.9.1 - https:\/\/yoast.com\/wordpress\/plugins\/seo\/ -->\n<title>About - Gjata Accounting<\/title>\n<meta name=\"robots\" content=\"index, follow, max-snippet:-1, max-image-preview:large, max-video-preview:-1\" \/>\n<link rel=\"canonical\" href=\"https:\/\/gjataaccounting.co.uk\/sq\/about\/\" \/>\n<meta property=\"og:locale\" content=\"sq_AL\" \/>\n<meta property=\"og:type\" content=\"article\" \/>\n<meta property=\"og:title\" content=\"About - Gjata Accounting\" \/>\n<meta property=\"og:url\" content=\"https:\/\/gjataaccounting.co.uk\/sq\/about\/\" \/>\n<meta property=\"og:site_name\" content=\"Gjata Accounting\" \/>\n<meta property=\"article:modified_time\" content=\"2020-08-14T14:34:47+00:00\" \/>\n<meta name=\"twitter:card\" content=\"summary_large_image\" \/>\n<meta name=\"twitter:label1\" content=\"Est. reading time\">\n\t<meta name=\"twitter:data1\" content=\"1 minut\u00eb\">\n<script type=\"application\/ld+json\" class=\"yoast-schema-graph\">{\"@context\":\"https:\/\/schema.org\",\"@graph\":[{\"@type\":\"WebSite\",\"@id\":\"https:\/\/gjataaccounting.co.uk\/#website\",\"url\":\"https:\/\/gjataaccounting.co.uk\/\",\"name\":\"Gjata Accounting\",\"description\":\"\",\"potentialAction\":[{\"@type\":\"SearchAction\",\"target\":\"https:\/\/gjataaccounting.co.uk\/?s={search_term_string}\",\"query-input\":\"required name=search_term_string\"}],\"inLanguage\":\"sq\"},{\"@type\":\"WebPage\",\"@id\":\"https:\/\/gjataaccounting.co.uk\/about\/#webpage\",\"url\":\"https:\/\/gjataaccounting.co.uk\/about\/\",\"name\":\"About - Gjata Accounting\",\"isPartOf\":{\"@id\":\"https:\/\/gjataaccounting.co.uk\/#website\"},\"datePublished\":\"2013-08-11T19:06:15+00:00\",\"dateModified\":\"2020-08-14T14:34:47+00:00\",\"breadcrumb\":{\"@id\":\"https:\/\/gjataaccounting.co.uk\/about\/#breadcrumb\"},\"inLanguage\":\"sq\",\"potentialAction\":[{\"@type\":\"ReadAction\",\"target\":[\"https:\/\/gjataaccounting.co.uk\/about\/\"]}]},{\"@type\":\"BreadcrumbList\",\"@id\":\"https:\/\/gjataaccounting.co.uk\/about\/#breadcrumb\",\"itemListElement\":[{\"@type\":\"ListItem\",\"position\":1,\"item\":{\"@type\":\"WebPage\",\"@id\":\"http:\/\/gjataaccounting.co.uk\/\",\"url\":\"http:\/\/gjataaccounting.co.uk\/\",\"name\":\"Home\"}},{\"@type\":\"ListItem\",\"position\":2,\"item\":{\"@type\":\"WebPage\",\"@id\":\"https:\/\/gjataaccounting.co.uk\/about\/\",\"url\":\"https:\/\/gjataaccounting.co.uk\/about\/\",\"name\":\"About\"}}]}]}<\/script>\n<!-- \/ Yoast SEO plugin. -->","_links":{"self":[{"href":"https:\/\/gjataaccounting.co.uk\/sq\/wp-json\/wp\/v2\/pages\/87"}],"collection":[{"href":"https:\/\/gjataaccounting.co.uk\/sq\/wp-json\/wp\/v2\/pages"}],"about":[{"href":"https:\/\/gjataaccounting.co.uk\/sq\/wp-json\/wp\/v2\/types\/page"}],"author":[{"embeddable":true,"href":"https:\/\/gjataaccounting.co.uk\/sq\/wp-json\/wp\/v2\/users\/1"}],"replies":[{"embeddable":true,"href":"https:\/\/gjataaccounting.co.uk\/sq\/wp-json\/wp\/v2\/comments?post=87"}],"version-history":[{"count":9,"href":"https:\/\/gjataaccounting.co.uk\/sq\/wp-json\/wp\/v2\/pages\/87\/revisions"}],"predecessor-version":[{"id":345,"href":"https:\/\/gjataaccounting.co.uk\/sq\/wp-json\/wp\/v2\/pages\/87\/revisions\/345"}],"wp:attachment":[{"href":"https:\/\/gjataaccounting.co.uk\/sq\/wp-json\/wp\/v2\/media?parent=87"}],"curies":[{"name":"wp","href":"https:\/\/api.w.org\/{rel}","templated":true}]}}